{"id":6739,"date":"2022-12-24T13:45:12","date_gmt":"2022-12-24T12:45:12","guid":{"rendered":"https:\/\/www.lydierolet.com\/accueil\/?page_id=6739"},"modified":"2026-03-20T21:30:48","modified_gmt":"2026-03-20T20:30:48","slug":"expositions","status":"publish","type":"page","link":"https:\/\/www.lydierolet.com\/accueil\/expositions\/","title":{"rendered":"Expositions"},"content":{"rendered":"\t\t<div data-elementor-type=\"wp-page\" data-elementor-id=\"6739\" class=\"elementor elementor-6739\">\n\t\t\t\t\t\t<section class=\"elementor-section elementor-top-section elementor-element elementor-element-78d6649 elementor-section-boxed elementor-section-height-default elementor-section-height-default\" data-id=\"78d6649\" data-element_type=\"section\" data-e-type=\"section\">\n\t\t\t\t\t\t<div class=\"elementor-container elementor-column-gap-default\">\n\t\t\t\t\t<div class=\"elementor-column elementor-col-100 elementor-top-column elementor-element elementor-element-1d65883\" data-id=\"1d65883\" data-element_type=\"column\" data-e-type=\"column\">\n\t\t\t<div class=\"elementor-widget-wrap elementor-element-populated\">\n\t\t\t\t\t\t<div class=\"elementor-element elementor-element-d6cc8f4 elementor-widget elementor-widget-heading\" data-id=\"d6cc8f4\" data-element_type=\"widget\" data-e-type=\"widget\" data-widget_type=\"heading.default\">\n\t\t\t\t<div class=\"elementor-widget-container\">\n\t\t\t\t\t<h1 class=\"elementor-heading-title elementor-size-default\">EXPOSITIONS<\/h1>\t\t\t\t<\/div>\n\t\t\t\t<\/div>\n\t\t\t\t\t<\/div>\n\t\t<\/div>\n\t\t\t\t\t<\/div>\n\t\t<\/section>\n\t\t\t\t<section class=\"elementor-section elementor-top-section elementor-element elementor-element-c220fa3 elementor-section-boxed elementor-section-height-default elementor-section-height-default\" data-id=\"c220fa3\" data-element_type=\"section\" data-e-type=\"section\">\n\t\t\t\t\t\t<div class=\"elementor-container elementor-column-gap-default\">\n\t\t\t\t\t<div class=\"elementor-column elementor-col-50 elementor-top-column elementor-element elementor-element-6d7c2e8\" data-id=\"6d7c2e8\" data-element_type=\"column\" data-e-type=\"column\">\n\t\t\t<div class=\"elementor-widget-wrap elementor-element-populated\">\n\t\t\t\t\t\t<div class=\"elementor-element elementor-element-3856fec elementor-widget elementor-widget-text-editor\" data-id=\"3856fec\" data-element_type=\"widget\" data-e-type=\"widget\" data-widget_type=\"text-editor.default\">\n\t\t\t\t<div class=\"elementor-widget-container\">\n\t\t\t\t\t\t\t\t\t<h2>2026<\/h2><ul><li>Art 4 Nantes 44<\/li><\/ul><h2>2025<\/h2><ul><li>La halle aux bl\u00e9s Dol de Bretagne 35<\/li><li>Landes arts 44<\/li><\/ul><h2>2024<\/h2><ul><li>Galerie du tertre &#8211; Dol de Bretagne 35<\/li><li>H\u00f4tel des Charmettes &#8211; Saint-Malo 35<\/li><li>Espace Saint Jouan des Gu\u00e9rets 35<\/li><\/ul><h2>2023<\/h2><ul><li>Salon art Paper &#8211; Lyon 69<\/li><li>Le 111 des Arts &#8211; Lyon 69<\/li><\/ul><h2>2022<\/h2><ul><li>Le 111 des Arts &#8211; Lyon 69<\/li><li>Space Junk &#8211; Lyon 69<\/li><li>\u00a0Exposition figure libre -Brou 01<\/li><li>Espace Artsenic &#8211; Forcalquier 04<\/li><\/ul><h2>2016<\/h2><ul><li>APA Bron 69.<\/li><\/ul><h2>2015<\/h2><ul><li>APA \u00e0 Bron 69.<\/li><li>Salon international Artistique de Haute-Loire 43<\/li><\/ul><h2>2014<\/h2><ul><li>Fort de Bron 69<\/li><li>Salon international artistique de Haute-Loire 43<\/li><li>Salon regain 69<\/li><\/ul><h2>2013<\/h2><ul><li>Ambronay 01<\/li><li>Salon Regain 69<\/li><li>Galerie la crois\u00e9e des arts Saugues 43<\/li><\/ul><h2>2012<\/h2><ul><li>Maison d\u2019exposition le clos des arts Brindas 69<\/li><li>Salon d\u2019hiver de Lyon 60 69<\/li><li>Salon des arts Ambronay 01<\/li><li>Maison des expositions Ternand 69<\/li><li>Troisi\u00e8me salon artistique de Haute-Loire 43<\/li><li>Salon regain de Lyon<\/li><\/ul>\t\t\t\t\t\t\t\t<\/div>\n\t\t\t\t<\/div>\n\t\t\t\t\t<\/div>\n\t\t<\/div>\n\t\t\t\t<div class=\"elementor-column elementor-col-50 elementor-top-column elementor-element elementor-element-948c25c\" data-id=\"948c25c\" data-element_type=\"column\" data-e-type=\"column\">\n\t\t\t<div class=\"elementor-widget-wrap elementor-element-populated\">\n\t\t\t\t\t\t<div class=\"elementor-element elementor-element-3051264 elementor-widget elementor-widget-text-editor\" data-id=\"3051264\" data-element_type=\"widget\" data-e-type=\"widget\" data-widget_type=\"text-editor.default\">\n\t\t\t\t<div class=\"elementor-widget-container\">\n\t\t\t\t\t\t\t\t\t<h2>2011<\/h2><ul><li>institut ILTC Villeurbanne 69<\/li><li>Galerie la crois\u00e9e des arts 43<\/li><li>Biennale de la palette Craponne 69<\/li><li>Salon regain 69<\/li><\/ul><h2>2010<\/h2><ul><li>Espace des ambassadeurs le Puy-en-Velay 43<\/li><li>Galerie Nova des Arts Viol\u00e8s 84<\/li><li>Festival \u00ab art et femmes \u00bb Feyzin 69<\/li><li>Golfe de Lucenay 69<\/li><li>Th\u00e9\u00e2tre du s\u00e9maphore Irigny 69<\/li><li>Espace Berthelot 69<\/li><\/ul><h2>2009<\/h2><ul><li>Galerie lezarts color\u00e9es le Puy-en-Velay 43<\/li><li>centre culturel Malraux Tarare 69<\/li><li>Mairie du cinqui\u00e8me Lyon 69<\/li><li>Espace Berthelot 69 Lyon<\/li><\/ul><h2>2004 \u00e0 2008<\/h2><ul><li>Manifestations artistiques Morestel Cr\u00e9mieux<br \/>Saint-Cyr Saint-Bernard 69<\/li><li>Ch\u00e2teau de Rochebrune Theiz\u00e9 69<\/li><li>Ch\u00e2teau de roche bonne Theiz\u00e9 69<\/li><li>Espace Berthelot Lyon 69<\/li><\/ul><h2>2002<\/h2><ul><li>Galerie alchimie Saint-\u00c9tienne 42<\/li><li>Espace Berthelot Lyon 69<\/li><\/ul><h2>2000 \u00e0 2001<\/h2><ul><li>March\u00e9 de la cr\u00e9ation Lyon 69<\/li><li>Galerie agenda Lyon 69<\/li><li>Galerie vitrine D\u00e9sard Macon 71<\/li><li>Espace Berthelot Lyon 69<\/li><\/ul>\t\t\t\t\t\t\t\t<\/div>\n\t\t\t\t<\/div>\n\t\t\t\t<div class=\"elementor-element elementor-element-b7d8a4a elementor-widget-divider--view-line elementor-widget elementor-widget-divider\" data-id=\"b7d8a4a\" data-element_type=\"widget\" data-e-type=\"widget\" data-widget_type=\"divider.default\">\n\t\t\t\t<div class=\"elementor-widget-container\">\n\t\t\t\t\t\t\t<div class=\"elementor-divider\">\n\t\t\t<span class=\"elementor-divider-separator\">\n\t\t\t\t\t\t<\/span>\n\t\t<\/div>\n\t\t\t\t\t\t<\/div>\n\t\t\t\t<\/div>\n\t\t\t\t<div class=\"elementor-element elementor-element-af09ee0 elementor-widget elementor-widget-text-editor\" data-id=\"af09ee0\" data-element_type=\"widget\" data-e-type=\"widget\" data-widget_type=\"text-editor.default\">\n\t\t\t\t<div class=\"elementor-widget-container\">\n\t\t\t\t\t\t\t\t\t<div>Membre de l&rsquo;association Carmina de 2001 \u00e0 2013<\/div><div>(Femmes artistes de la r\u00e9gion lyonnaise)<\/div><div>Membre de l&rsquo;association Regain de 2011 \u00e0 2013<\/div><div>Membre de l&rsquo;association des artistes du Velay de 2012 \u00e0 2014<\/div><div>Membre de l&rsquo;association APA de Lyon de 2014 \u00e0 2016<\/div><div>M\u00e9daille de bronze de l&rsquo;acad\u00e9mie des arts sciences et lettres Paris 2011<\/div>\t\t\t\t\t\t\t\t<\/div>\n\t\t\t\t<\/div>\n\t\t\t\t\t<\/div>\n\t\t<\/div>\n\t\t\t\t\t<\/div>\n\t\t<\/section>\n\t\t\t\t<\/div>\n\t\t","protected":false},"excerpt":{"rendered":"<p>EXPOSITIONS 2026 Art 4 Nantes 44 2025 La halle aux bl\u00e9s Dol de Bretagne 35 Landes arts 44 2024 Galerie du tertre &#8211; Dol de Bretagne 35 H\u00f4tel des Charmettes &#8211; Saint-Malo 35 Espace Saint Jouan des Gu\u00e9rets 35 2023 Salon art Paper &#8211; Lyon 69 Le 111 des Arts &#8211; Lyon 69 2022 Le [&hellip;]<\/p>\n","protected":false},"author":1,"featured_media":0,"parent":0,"menu_order":0,"comment_status":"closed","ping_status":"closed","template":"","meta":{"ocean_post_layout":"full-width","ocean_both_sidebars_style":"","ocean_both_sidebars_content_width":0,"ocean_both_sidebars_sidebars_width":0,"ocean_sidebar":"0","ocean_second_sidebar":"0","ocean_disable_margins":"enable","ocean_add_body_class":"","ocean_shortcode_before_top_bar":"","ocean_shortcode_after_top_bar":"","ocean_shortcode_before_header":"","ocean_shortcode_after_header":"","ocean_has_shortcode":"","ocean_shortcode_after_title":"","ocean_shortcode_before_footer_widgets":"","ocean_shortcode_after_footer_widgets":"","ocean_shortcode_before_footer_bottom":"","ocean_shortcode_after_footer_bottom":"","ocean_display_top_bar":"default","ocean_display_header":"default","ocean_header_style":"","ocean_center_header_left_menu":"0","ocean_custom_header_template":"0","ocean_custom_logo":0,"ocean_custom_retina_logo":0,"ocean_custom_logo_max_width":0,"ocean_custom_logo_tablet_max_width":0,"ocean_custom_logo_mobile_max_width":0,"ocean_custom_logo_max_height":0,"ocean_custom_logo_tablet_max_height":0,"ocean_custom_logo_mobile_max_height":0,"ocean_header_custom_menu":"0","ocean_menu_typo_font_family":"0","ocean_menu_typo_font_subset":"","ocean_menu_typo_font_size":0,"ocean_menu_typo_font_size_tablet":0,"ocean_menu_typo_font_size_mobile":0,"ocean_menu_typo_font_size_unit":"px","ocean_menu_typo_font_weight":"","ocean_menu_typo_font_weight_tablet":"","ocean_menu_typo_font_weight_mobile":"","ocean_menu_typo_transform":"","ocean_menu_typo_transform_tablet":"","ocean_menu_typo_transform_mobile":"","ocean_menu_typo_line_height":0,"ocean_menu_typo_line_height_tablet":0,"ocean_menu_typo_line_height_mobile":0,"ocean_menu_typo_line_height_unit":"","ocean_menu_typo_spacing":0,"ocean_menu_typo_spacing_tablet":0,"ocean_menu_typo_spacing_mobile":0,"ocean_menu_typo_spacing_unit":"","ocean_menu_link_color":"","ocean_menu_link_color_hover":"","ocean_menu_link_color_active":"","ocean_menu_link_background":"","ocean_menu_link_hover_background":"","ocean_menu_link_active_background":"","ocean_menu_social_links_bg":"","ocean_menu_social_hover_links_bg":"","ocean_menu_social_links_color":"","ocean_menu_social_hover_links_color":"","ocean_disable_title":"default","ocean_disable_heading":"default","ocean_post_title":"","ocean_post_subheading":"","ocean_post_title_style":"","ocean_post_title_background_color":"","ocean_post_title_background":0,"ocean_post_title_bg_image_position":"","ocean_post_title_bg_image_attachment":"","ocean_post_title_bg_image_repeat":"","ocean_post_title_bg_image_size":"","ocean_post_title_height":0,"ocean_post_title_bg_overlay":0.5,"ocean_post_title_bg_overlay_color":"","ocean_disable_breadcrumbs":"default","ocean_breadcrumbs_color":"","ocean_breadcrumbs_separator_color":"","ocean_breadcrumbs_links_color":"","ocean_breadcrumbs_links_hover_color":"","ocean_display_footer_widgets":"default","ocean_display_footer_bottom":"default","ocean_custom_footer_template":"0","footnotes":""},"class_list":["post-6739","page","type-page","status-publish","hentry","entry"],"_links":{"self":[{"href":"https:\/\/www.lydierolet.com\/accueil\/wp-json\/wp\/v2\/pages\/6739","targetHints":{"allow":["GET"]}}],"collection":[{"href":"https:\/\/www.lydierolet.com\/accueil\/wp-json\/wp\/v2\/pages"}],"about":[{"href":"https:\/\/www.lydierolet.com\/accueil\/wp-json\/wp\/v2\/types\/page"}],"author":[{"embeddable":true,"href":"https:\/\/www.lydierolet.com\/accueil\/wp-json\/wp\/v2\/users\/1"}],"replies":[{"embeddable":true,"href":"https:\/\/www.lydierolet.com\/accueil\/wp-json\/wp\/v2\/comments?post=6739"}],"version-history":[{"count":61,"href":"https:\/\/www.lydierolet.com\/accueil\/wp-json\/wp\/v2\/pages\/6739\/revisions"}],"predecessor-version":[{"id":8956,"href":"https:\/\/www.lydierolet.com\/accueil\/wp-json\/wp\/v2\/pages\/6739\/revisions\/8956"}],"wp:attachment":[{"href":"https:\/\/www.lydierolet.com\/accueil\/wp-json\/wp\/v2\/media?parent=6739"}],"curies":[{"name":"wp","href":"https:\/\/api.w.org\/{rel}","templated":true}]}}